{"id":46,"date":"2011-06-26T11:30:37","date_gmt":"2011-06-26T08:30:37","guid":{"rendered":"http:\/\/koirahoitola.kuunsirpin.com\/kennelpalvelut\/?page_id=46"},"modified":"2018-07-19T00:11:26","modified_gmt":"2018-07-18T21:11:26","slug":"ohjeita-trimmaukseen-tuleville","status":"publish","type":"page","link":"https:\/\/koirahoitola.kuunsirpin.com\/kennelpalvelut\/?page_id=46","title":{"rendered":"Ohjeita trimmaukseen tuleville"},"content":{"rendered":"<p><a href=\"http:\/\/koirahoitola.kuunsirpin.com\/kennelpalvelut\/wp-content\/uploads\/2011\/06\/kp_westie.jpg\"><img loading=\"lazy\" decoding=\"async\" class=\"alignleft size-full wp-image-47\" title=\"westie\" src=\"http:\/\/koirahoitola.kuunsirpin.com\/kennelpalvelut\/wp-content\/uploads\/2011\/06\/kp_westie.jpg\" alt=\"\" width=\"300\" height=\"450\" srcset=\"https:\/\/koirahoitola.kuunsirpin.com\/kennelpalvelut\/wp-content\/uploads\/2011\/06\/kp_westie.jpg 300w, https:\/\/koirahoitola.kuunsirpin.com\/kennelpalvelut\/wp-content\/uploads\/2011\/06\/kp_westie-200x300.jpg 200w\" sizes=\"auto, (max-width: 300px) 100vw, 300px\" \/><\/a><\/p>\n<p>Kampaa tai harjaa koiran turkki huolellisesti l\u00e4pi, ja selvit\u00e4 takut ennen trimmattavaksi tuomista. Vain ihoa my\u00f6den koneella ajeltavat koirat voivat tulla trimmaukseen takkuineen p\u00e4ivineen ilman lis\u00e4maksua.<\/p>\n<p>Trimmattavaksi tuotava koira pest\u00e4\u00e4n ja kuivataan mieluiten f\u00f6\u00f6nill\u00e4 samana p\u00e4iv\u00e4n\u00e4, tai korkeintaan edellisen\u00e4 p\u00e4iv\u00e4n\u00e4 ennen trimmausta. Aiemmin pestyn ja\/tai kovin kihartuvan turkin trimmausj\u00e4lki ei vastaa puhtaan ja suoraksi f\u00f6\u00f6natun turkin trimmaustulosta. Trimmaus on t\u00e4ll\u00f6in my\u00f6s hitaampaa ja ty\u00f6l\u00e4\u00e4mp\u00e4\u00e4.<\/p>\n<p>Koira, jonka turkki on rasvoittunut tai muutoin likainen trimmaukseen tuotaessa, pest\u00e4\u00e4n trimmauksen yhteydess\u00e4, koska pesem\u00e4tt\u00f6m\u00e4n koiran trimmaaminen pilaa sakset ja trimmauskoneen ter\u00e4t.<\/p>\n<p>Nypitt\u00e4v\u00e4ksi tuotavia koiria ei saa pest\u00e4 ennen trimmausta v\u00e4hint\u00e4\u00e4n kahteen viikkoon.<\/p>\n","protected":false},"excerpt":{"rendered":"<p>Kampaa tai harjaa koiran turkki huolellisesti l\u00e4pi, ja selvit\u00e4 takut ennen trimmattavaksi tuomista. Vain ihoa my\u00f6den koneella ajeltavat koirat voivat tulla trimmaukseen takkuineen p\u00e4ivineen ilman lis\u00e4maksua. Trimmattavaksi tuotava koira pest\u00e4\u00e4n ja kuivataan mieluiten f\u00f6\u00f6nill\u00e4 samana p\u00e4iv\u00e4n\u00e4, tai korkeintaan edellisen\u00e4 p\u00e4iv\u00e4n\u00e4 ennen trimmausta. Aiemmin pestyn ja\/tai kovin kihartuvan turkin trimmausj\u00e4lki ei vastaa puhtaan ja suoraksi f\u00f6\u00f6natun &hellip; <\/p>\n<p><a class=\"more-link btn\" href=\"https:\/\/koirahoitola.kuunsirpin.com\/kennelpalvelut\/?page_id=46\">Continue reading<\/a><\/p>\n","protected":false},"author":1,"featured_media":0,"parent":17,"menu_order":0,"comment_status":"open","ping_status":"open","template":"","meta":{"footnotes":""},"class_list":["post-46","page","type-page","status-publish","hentry","nodate","item-wrap"],"_links":{"self":[{"href":"https:\/\/koirahoitola.kuunsirpin.com\/kennelpalvelut\/index.php?rest_route=\/wp\/v2\/pages\/46","targetHints":{"allow":["GET"]}}],"collection":[{"href":"https:\/\/koirahoitola.kuunsirpin.com\/kennelpalvelut\/index.php?rest_route=\/wp\/v2\/pages"}],"about":[{"href":"https:\/\/koirahoitola.kuunsirpin.com\/kennelpalvelut\/index.php?rest_route=\/wp\/v2\/types\/page"}],"author":[{"embeddable":true,"href":"https:\/\/koirahoitola.kuunsirpin.com\/kennelpalvelut\/index.php?rest_route=\/wp\/v2\/users\/1"}],"replies":[{"embeddable":true,"href":"https:\/\/koirahoitola.kuunsirpin.com\/kennelpalvelut\/index.php?rest_route=%2Fwp%2Fv2%2Fcomments&post=46"}],"version-history":[{"count":3,"href":"https:\/\/koirahoitola.kuunsirpin.com\/kennelpalvelut\/index.php?rest_route=\/wp\/v2\/pages\/46\/revisions"}],"predecessor-version":[{"id":222,"href":"https:\/\/koirahoitola.kuunsirpin.com\/kennelpalvelut\/index.php?rest_route=\/wp\/v2\/pages\/46\/revisions\/222"}],"up":[{"embeddable":true,"href":"https:\/\/koirahoitola.kuunsirpin.com\/kennelpalvelut\/index.php?rest_route=\/wp\/v2\/pages\/17"}],"wp:attachment":[{"href":"https:\/\/koirahoitola.kuunsirpin.com\/kennelpalvelut\/index.php?rest_route=%2Fwp%2Fv2%2Fmedia&parent=46"}],"curies":[{"name":"wp","href":"https:\/\/api.w.org\/{rel}","templated":true}]}}