{"id":28,"date":"2011-06-26T08:05:25","date_gmt":"2011-06-26T08:05:25","guid":{"rendered":"http:\/\/koirahoitola.kuunsirpin.com\/kennelpalvelut\/?page_id=28"},"modified":"2011-06-26T08:06:05","modified_gmt":"2011-06-26T08:06:05","slug":"ajo-ohjeet-koirahoitolaan","status":"publish","type":"page","link":"https:\/\/koirahoitola.kuunsirpin.com\/kennelpalvelut\/?page_id=28","title":{"rendered":"Ajo-ohjeet koirahoitolaan"},"content":{"rendered":"<p><a href=\"http:\/\/koirahoitola.kuunsirpin.com\/kennelpalvelut\/wp-content\/uploads\/2011\/06\/enzo_rengas1.jpg\"><img loading=\"lazy\" decoding=\"async\" src=\"http:\/\/koirahoitola.kuunsirpin.com\/kennelpalvelut\/wp-content\/uploads\/2011\/06\/enzo_rengas1.jpg\" alt=\"\" title=\"enzo_rengas1\" width=\"350\" height=\"400\" class=\"alignleft size-full wp-image-29\" \/><\/a><\/p>\n<p><strong>Lohjan suunnasta:<\/strong> Lohjan asemalta ajetaan Siuntion suuntaan (Suitiantie) 6 km, kunnes vasemmalla puolella tiet\u00e4 n\u00e4kyy harmaa, kaksikerroksinen, punakattoinen ok-talo. Talon sein\u00e4ss\u00e4 on numero 603.<\/p>\n<p><strong>Siuntion suunnasta:<\/strong> Siuntiosta ajetaan Lohjan suuntaan, kunnes tullaan Suitiantielle (Siuntion kirkon ohi kulkeva tie). Ajetaan 6 km, kunnes oikealla puolella tiet\u00e4 n\u00e4kyy harmaa, kaksikerroksinen, punakattoinen ok-talo. Talon sein\u00e4ss\u00e4 on numero 603.<\/p>\n<p><strong>Helsingin suunnasta:<\/strong> Ajetaan Turun moottoritiet\u00e4, kunnes tie erkanee Lohja\/Hanko-suuntaan. Jatketaan Lohjaa kohti, kunnes oikealle erkanee tie Siuntioon. Seurataan Siuntion kylttej\u00e4, kunnes tullaan Suitiantielle (alkukohdassa lukee Siuntio 17). Ajetaan Siuntion suuntaan 6 km, kunnes vasemmalla puolella tiet\u00e4 n\u00e4kyy harmaa, kaksikerroksinen, punakattoinen ok-talo. Talon sein\u00e4ss\u00e4 on numero 603.<\/p>\n<p><strong>Pihaan k\u00e4\u00e4nnytt\u00e4ess\u00e4 kentt\u00e4 on heti vasemmalla. Koirahoitola ja trimmaamo ovat kent\u00e4n viereisess\u00e4 punaisessa rakennuksessa.<\/strong><\/p>\n","protected":false},"excerpt":{"rendered":"<p>Lohjan suunnasta: Lohjan asemalta ajetaan Siuntion suuntaan (Suitiantie) 6 km, kunnes vasemmalla puolella tiet\u00e4 n\u00e4kyy harmaa, kaksikerroksinen, punakattoinen ok-talo. Talon sein\u00e4ss\u00e4 on numero 603. Siuntion suunnasta: Siuntiosta ajetaan Lohjan suuntaan, kunnes tullaan Suitiantielle (Siuntion kirkon ohi kulkeva tie). Ajetaan 6 km, kunnes oikealla puolella tiet\u00e4 n\u00e4kyy harmaa, kaksikerroksinen, punakattoinen ok-talo. Talon sein\u00e4ss\u00e4 on numero 603. &hellip; <\/p>\n<p><a class=\"more-link btn\" href=\"https:\/\/koirahoitola.kuunsirpin.com\/kennelpalvelut\/?page_id=28\">Continue reading<\/a><\/p>\n","protected":false},"author":1,"featured_media":0,"parent":7,"menu_order":0,"comment_status":"open","ping_status":"open","template":"","meta":{"footnotes":""},"class_list":["post-28","page","type-page","status-publish","hentry","nodate","item-wrap"],"_links":{"self":[{"href":"https:\/\/koirahoitola.kuunsirpin.com\/kennelpalvelut\/index.php?rest_route=\/wp\/v2\/pages\/28","targetHints":{"allow":["GET"]}}],"collection":[{"href":"https:\/\/koirahoitola.kuunsirpin.com\/kennelpalvelut\/index.php?rest_route=\/wp\/v2\/pages"}],"about":[{"href":"https:\/\/koirahoitola.kuunsirpin.com\/kennelpalvelut\/index.php?rest_route=\/wp\/v2\/types\/page"}],"author":[{"embeddable":true,"href":"https:\/\/koirahoitola.kuunsirpin.com\/kennelpalvelut\/index.php?rest_route=\/wp\/v2\/users\/1"}],"replies":[{"embeddable":true,"href":"https:\/\/koirahoitola.kuunsirpin.com\/kennelpalvelut\/index.php?rest_route=%2Fwp%2Fv2%2Fcomments&post=28"}],"version-history":[{"count":3,"href":"https:\/\/koirahoitola.kuunsirpin.com\/kennelpalvelut\/index.php?rest_route=\/wp\/v2\/pages\/28\/revisions"}],"predecessor-version":[{"id":32,"href":"https:\/\/koirahoitola.kuunsirpin.com\/kennelpalvelut\/index.php?rest_route=\/wp\/v2\/pages\/28\/revisions\/32"}],"up":[{"embeddable":true,"href":"https:\/\/koirahoitola.kuunsirpin.com\/kennelpalvelut\/index.php?rest_route=\/wp\/v2\/pages\/7"}],"wp:attachment":[{"href":"https:\/\/koirahoitola.kuunsirpin.com\/kennelpalvelut\/index.php?rest_route=%2Fwp%2Fv2%2Fmedia&parent=28"}],"curies":[{"name":"wp","href":"https:\/\/api.w.org\/{rel}","templated":true}]}}