{"id":25,"date":"2011-06-26T08:02:06","date_gmt":"2011-06-26T08:02:06","guid":{"rendered":"http:\/\/koirahoitola.kuunsirpin.com\/kennelpalvelut\/?page_id=25"},"modified":"2014-06-20T18:47:01","modified_gmt":"2014-06-20T15:47:01","slug":"ruuat-ja-tarvikkeet","status":"publish","type":"page","link":"https:\/\/koirahoitola.kuunsirpin.com\/kennelpalvelut\/?page_id=25","title":{"rendered":"Ruuat ja tarvikkeet"},"content":{"rendered":"<p><a href=\"http:\/\/koirahoitola.kuunsirpin.com\/kennelpalvelut\/wp-content\/uploads\/2011\/06\/kp_myymala.jpg\"><img loading=\"lazy\" decoding=\"async\" src=\"http:\/\/koirahoitola.kuunsirpin.com\/kennelpalvelut\/wp-content\/uploads\/2011\/06\/kp_myymala.jpg\" alt=\"\" title=\"myym\u00e4l\u00e4\" width=\"600\" height=\"400\" class=\"aligncenter size-full wp-image-26\" srcset=\"https:\/\/koirahoitola.kuunsirpin.com\/kennelpalvelut\/wp-content\/uploads\/2011\/06\/kp_myymala.jpg 600w, https:\/\/koirahoitola.kuunsirpin.com\/kennelpalvelut\/wp-content\/uploads\/2011\/06\/kp_myymala-300x200.jpg 300w\" sizes=\"auto, (max-width: 600px) 100vw, 600px\" \/><\/a><\/p>\n<p>Runsas valikoima koira- ja kissatarvikkeita, sek\u00e4 laadukkaat koirien ja kissojen kuivamuonat.<\/p>\n<p>Tilatut tuotteet saapuvat meille maahantuojalta noin kahden viikon v\u00e4lein, mutta tarvittaessa my\u00f6s nopeammin. Tilaukset mieluiten puhelimitse tai tekstiviestill\u00e4!<\/p>\n<p>Tilattujen ja suoraan varastostamme l\u00f6ytyvien tuotteiden ja ruokien noudot aina aamuyhdeks\u00e4st\u00e4 iltayhdeks\u00e4\u00e4n. Soittamalla tai tekstiviestill\u00e4 voit varmistaa, ett\u00e4 olemme paikalla.<\/p>\n","protected":false},"excerpt":{"rendered":"<p>Runsas valikoima koira- ja kissatarvikkeita, sek\u00e4 laadukkaat koirien ja kissojen kuivamuonat. Tilatut tuotteet saapuvat meille maahantuojalta noin kahden viikon v\u00e4lein, mutta tarvittaessa my\u00f6s nopeammin. Tilaukset mieluiten puhelimitse tai tekstiviestill\u00e4! Tilattujen ja suoraan varastostamme l\u00f6ytyvien tuotteiden ja ruokien noudot aina aamuyhdeks\u00e4st\u00e4 iltayhdeks\u00e4\u00e4n. Soittamalla tai tekstiviestill\u00e4 voit varmistaa, ett\u00e4 olemme paikalla.<\/p>\n","protected":false},"author":1,"featured_media":0,"parent":0,"menu_order":0,"comment_status":"open","ping_status":"open","template":"","meta":{"footnotes":""},"class_list":["post-25","page","type-page","status-publish","hentry","nodate","item-wrap"],"_links":{"self":[{"href":"https:\/\/koirahoitola.kuunsirpin.com\/kennelpalvelut\/index.php?rest_route=\/wp\/v2\/pages\/25","targetHints":{"allow":["GET"]}}],"collection":[{"href":"https:\/\/koirahoitola.kuunsirpin.com\/kennelpalvelut\/index.php?rest_route=\/wp\/v2\/pages"}],"about":[{"href":"https:\/\/koirahoitola.kuunsirpin.com\/kennelpalvelut\/index.php?rest_route=\/wp\/v2\/types\/page"}],"author":[{"embeddable":true,"href":"https:\/\/koirahoitola.kuunsirpin.com\/kennelpalvelut\/index.php?rest_route=\/wp\/v2\/users\/1"}],"replies":[{"embeddable":true,"href":"https:\/\/koirahoitola.kuunsirpin.com\/kennelpalvelut\/index.php?rest_route=%2Fwp%2Fv2%2Fcomments&post=25"}],"version-history":[{"count":3,"href":"https:\/\/koirahoitola.kuunsirpin.com\/kennelpalvelut\/index.php?rest_route=\/wp\/v2\/pages\/25\/revisions"}],"predecessor-version":[{"id":175,"href":"https:\/\/koirahoitola.kuunsirpin.com\/kennelpalvelut\/index.php?rest_route=\/wp\/v2\/pages\/25\/revisions\/175"}],"wp:attachment":[{"href":"https:\/\/koirahoitola.kuunsirpin.com\/kennelpalvelut\/index.php?rest_route=%2Fwp%2Fv2%2Fmedia&parent=25"}],"curies":[{"name":"wp","href":"https:\/\/api.w.org\/{rel}","templated":true}]}}