{"id":17,"date":"2011-06-26T07:57:06","date_gmt":"2011-06-26T07:57:06","guid":{"rendered":"http:\/\/koirahoitola.kuunsirpin.com\/kennelpalvelut\/?page_id=17"},"modified":"2018-08-26T20:48:11","modified_gmt":"2018-08-26T17:48:11","slug":"trimmaus","status":"publish","type":"page","link":"https:\/\/koirahoitola.kuunsirpin.com\/kennelpalvelut\/?page_id=17","title":{"rendered":"Trimmaus"},"content":{"rendered":"<blockquote>\n<h4><a href=\"http:\/\/koirahoitola.kuunsirpin.com\/kennelpalvelut\/wp-content\/uploads\/2011\/06\/kp_maribichon1.jpg\"><img loading=\"lazy\" decoding=\"async\" class=\"alignleft size-full wp-image-18\" title=\"kp_maribichon1\" src=\"http:\/\/koirahoitola.kuunsirpin.com\/kennelpalvelut\/wp-content\/uploads\/2011\/06\/kp_maribichon1.jpg\" alt=\"\" width=\"400\" height=\"600\" srcset=\"https:\/\/koirahoitola.kuunsirpin.com\/kennelpalvelut\/wp-content\/uploads\/2011\/06\/kp_maribichon1.jpg 400w, https:\/\/koirahoitola.kuunsirpin.com\/kennelpalvelut\/wp-content\/uploads\/2011\/06\/kp_maribichon1-200x300.jpg 200w\" sizes=\"auto, (max-width: 400px) 100vw, 400px\" \/><\/a>Trimmaan kaikenrotuiset ja monirotuiset kotikoirat yksil\u00f6llisten tarpeiden ja omistajan toiveiden mukaisesti l\u00e4hes 20 vuoden kokemuksella.<\/h4>\n<\/blockquote>\n<p>Trimmaukset tehd\u00e4\u00e4n karvanlaatu huomioiden, joko koneella, saksin, tai nyppien.<\/p>\n<p>My\u00f6s pesut, f\u00f6\u00f6naukset, korvien puhdistus ja kynsien leikkaus onnistuvat.<\/p>\n<p>Trimmattavaksi tulevan koiran voi sopimuksen mukaan j\u00e4tt\u00e4\u00e4 meille my\u00f6s p\u00e4iv\u00e4hoitoon, jolloin omistaja saa hakea t\u00f6ist\u00e4 p\u00e4\u00e4sty\u00e4\u00e4n valmiiksi trimmatun koiran kotiin.<\/p>\n<p>Olen erikoistunut arkoihin koiriin, ja minulle on eritt\u00e4in t\u00e4rke\u00e4\u00e4 tehd\u00e4 trimmauksesta koiralle mahdollisimman stressit\u00f6nt\u00e4. Koirien kaunis k\u00e4sittely onkin ollut tavaramerkkini jo useiden vuosien ajan.<\/p>\n<p><strong>Ajanvaraukset trimmauksiin puhelimitse:<br \/>\n041 545 2715 \/ Mari H\u00f6ls\u00f6<\/strong> (arkisin\u00a0klo 8.00-16.00)<\/p>\n<p>&nbsp;<\/p>\n","protected":false},"excerpt":{"rendered":"<p>Trimmaan kaikenrotuiset ja monirotuiset kotikoirat yksil\u00f6llisten tarpeiden ja omistajan toiveiden mukaisesti l\u00e4hes 20 vuoden kokemuksella. Trimmaukset tehd\u00e4\u00e4n karvanlaatu huomioiden, joko koneella, saksin, tai nyppien. My\u00f6s pesut, f\u00f6\u00f6naukset, korvien puhdistus ja kynsien leikkaus onnistuvat. Trimmattavaksi tulevan koiran voi sopimuksen mukaan j\u00e4tt\u00e4\u00e4 meille my\u00f6s p\u00e4iv\u00e4hoitoon, jolloin omistaja saa hakea t\u00f6ist\u00e4 p\u00e4\u00e4sty\u00e4\u00e4n valmiiksi trimmatun koiran kotiin. Olen erikoistunut &hellip; <\/p>\n<p><a class=\"more-link btn\" href=\"https:\/\/koirahoitola.kuunsirpin.com\/kennelpalvelut\/?page_id=17\">Continue reading<\/a><\/p>\n","protected":false},"author":1,"featured_media":0,"parent":0,"menu_order":0,"comment_status":"open","ping_status":"open","template":"","meta":{"footnotes":""},"class_list":["post-17","page","type-page","status-publish","hentry","nodate","item-wrap"],"_links":{"self":[{"href":"https:\/\/koirahoitola.kuunsirpin.com\/kennelpalvelut\/index.php?rest_route=\/wp\/v2\/pages\/17","targetHints":{"allow":["GET"]}}],"collection":[{"href":"https:\/\/koirahoitola.kuunsirpin.com\/kennelpalvelut\/index.php?rest_route=\/wp\/v2\/pages"}],"about":[{"href":"https:\/\/koirahoitola.kuunsirpin.com\/kennelpalvelut\/index.php?rest_route=\/wp\/v2\/types\/page"}],"author":[{"embeddable":true,"href":"https:\/\/koirahoitola.kuunsirpin.com\/kennelpalvelut\/index.php?rest_route=\/wp\/v2\/users\/1"}],"replies":[{"embeddable":true,"href":"https:\/\/koirahoitola.kuunsirpin.com\/kennelpalvelut\/index.php?rest_route=%2Fwp%2Fv2%2Fcomments&post=17"}],"version-history":[{"count":10,"href":"https:\/\/koirahoitola.kuunsirpin.com\/kennelpalvelut\/index.php?rest_route=\/wp\/v2\/pages\/17\/revisions"}],"predecessor-version":[{"id":233,"href":"https:\/\/koirahoitola.kuunsirpin.com\/kennelpalvelut\/index.php?rest_route=\/wp\/v2\/pages\/17\/revisions\/233"}],"wp:attachment":[{"href":"https:\/\/koirahoitola.kuunsirpin.com\/kennelpalvelut\/index.php?rest_route=%2Fwp%2Fv2%2Fmedia&parent=17"}],"curies":[{"name":"wp","href":"https:\/\/api.w.org\/{rel}","templated":true}]}}